{"id":11,"date":"2023-03-03T14:25:09","date_gmt":"2023-03-03T13:25:09","guid":{"rendered":"http:\/\/36properties.es\/?page_id=11"},"modified":"2023-03-16T11:23:21","modified_gmt":"2023-03-16T10:23:21","slug":"contact","status":"publish","type":"page","link":"https:\/\/36properties.es\/?page_id=11","title":{"rendered":"El\u00e9rhet\u0151s\u00e9geink"},"content":{"rendered":"\n<h2 class=\"has-text-align-center wp-block-heading\">Keressen minket bizalommal<\/h2>\n\n\n\n<figure class=\"wp-block-image size-full is-resized has-custom-border is-style-default\"><img decoding=\"async\" src=\"http:\/\/36properties.es\/wp-content\/uploads\/2023\/03\/business-hand-with-mobile-phone_1232-4881-edited.jpg\" alt=\"\" class=\"wp-image-124\" style=\"border-style:none;border-width:0px;border-radius:0px\" height=\"1000\" srcset=\"https:\/\/36properties.es\/wp-content\/uploads\/2023\/03\/business-hand-with-mobile-phone_1232-4881-edited.jpg 1990w, https:\/\/36properties.es\/wp-content\/uploads\/2023\/03\/business-hand-with-mobile-phone_1232-4881-edited-300x169.jpg 300w, https:\/\/36properties.es\/wp-content\/uploads\/2023\/03\/business-hand-with-mobile-phone_1232-4881-edited-1024x576.jpg 1024w, https:\/\/36properties.es\/wp-content\/uploads\/2023\/03\/business-hand-with-mobile-phone_1232-4881-edited-768x432.jpg 768w, https:\/\/36properties.es\/wp-content\/uploads\/2023\/03\/business-hand-with-mobile-phone_1232-4881-edited-1536x864.jpg 1536w\" sizes=\"(max-width: 1990px) 100vw, 1990px\" \/><\/figure>\n\n\n\n<div class=\"wp-block-columns is-layout-flex wp-container-core-columns-is-layout-28f84493 wp-block-columns-is-layout-flex\">\n<div class=\"wp-block-column is-layout-flow wp-block-column-is-layout-flow\">\n<p class=\"has-text-align-center\"><strong>Nagy Orsolya<\/strong><br><em><em>Ingatlan befektet\u00e9si tan\u00e1csad\u00f3<\/em><\/em><br><br>Telefon: +34 604 20 14 85<br>Email: <a href=\"mailto:realestate@36group.es\">realestate@36group.es<\/a><\/p>\n<\/div>\n\n\n\n<div class=\"wp-block-column is-layout-flow wp-block-column-is-layout-flow\">\n<p class=\"has-text-align-center\"><strong>Valko David<\/strong><br><em>Ingatlan befektet\u00e9si tan\u00e1csad\u00f3<\/em><br><br>Telefon: +34 603 34 75 85<br>Email: <a href=\"mailto:david@36group.es\">david@36group.es<\/a><\/p>\n<\/div>\n<\/div>\n","protected":false},"excerpt":{"rendered":"<p>Keressen minket bizalommal Nagy OrsolyaIngatlan befektet\u00e9si tan\u00e1csad\u00f3 Telefon: +34 604 20 14 85Email: realestate@36group.es Valko DavidIngatlan befektet\u00e9si tan\u00e1csad\u00f3 Telefon: +34 603 34 75 85Email: david@36group.es<\/p>\n","protected":false},"author":1,"featured_media":0,"parent":0,"menu_order":5,"comment_status":"closed","ping_status":"closed","template":"","meta":{"footnotes":""},"class_list":["post-11","page","type-page","status-publish","hentry"],"_links":{"self":[{"href":"https:\/\/36properties.es\/index.php?rest_route=\/wp\/v2\/pages\/11","targetHints":{"allow":["GET"]}}],"collection":[{"href":"https:\/\/36properties.es\/index.php?rest_route=\/wp\/v2\/pages"}],"about":[{"href":"https:\/\/36properties.es\/index.php?rest_route=\/wp\/v2\/types\/page"}],"author":[{"embeddable":true,"href":"https:\/\/36properties.es\/index.php?rest_route=\/wp\/v2\/users\/1"}],"replies":[{"embeddable":true,"href":"https:\/\/36properties.es\/index.php?rest_route=%2Fwp%2Fv2%2Fcomments&post=11"}],"version-history":[{"count":16,"href":"https:\/\/36properties.es\/index.php?rest_route=\/wp\/v2\/pages\/11\/revisions"}],"predecessor-version":[{"id":13416,"href":"https:\/\/36properties.es\/index.php?rest_route=\/wp\/v2\/pages\/11\/revisions\/13416"}],"wp:attachment":[{"href":"https:\/\/36properties.es\/index.php?rest_route=%2Fwp%2Fv2%2Fmedia&parent=11"}],"curies":[{"name":"wp","href":"https:\/\/api.w.org\/{rel}","templated":true}]}}