{"id":117,"date":"2023-03-04T17:39:43","date_gmt":"2023-03-04T16:39:43","guid":{"rendered":"http:\/\/36properties.es\/?page_id=117"},"modified":"2023-03-12T06:18:55","modified_gmt":"2023-03-12T05:18:55","slug":"nyaralo-vasarlas","status":"publish","type":"page","link":"https:\/\/36properties.es\/?page_id=117","title":{"rendered":"Nyaral\u00f3 V\u00e1s\u00e1rl\u00e1s"},"content":{"rendered":"\n<p>Spanyolorsz\u00e1g egy fantasztikus hely, ahol \u00e9rdemes elgondolkodni a nyaral\u00f3 v\u00e1s\u00e1rl\u00e1s\u00e1n. Rengeteg el\u0151nye van annak, ha Spanyolorsz\u00e1gban v\u00e1s\u00e1rolunk nyaral\u00f3t, \u00e9s ebben a sz\u00f6vegben \u00f6sszefoglaljuk a legfontosabbakat.<\/p>\n\n\n\n<figure class=\"wp-block-image size-full\"><img loading=\"lazy\" decoding=\"async\" width=\"1800\" height=\"1200\" src=\"https:\/\/36properties.es\/wp-content\/uploads\/2023\/03\/vacation.jpg\" alt=\"\" class=\"wp-image-13400\" srcset=\"https:\/\/36properties.es\/wp-content\/uploads\/2023\/03\/vacation.jpg 1800w, https:\/\/36properties.es\/wp-content\/uploads\/2023\/03\/vacation-1000x667.jpg 1000w, https:\/\/36properties.es\/wp-content\/uploads\/2023\/03\/vacation-768x512.jpg 768w, https:\/\/36properties.es\/wp-content\/uploads\/2023\/03\/vacation-1536x1024.jpg 1536w\" sizes=\"auto, (max-width: 1800px) 100vw, 1800px\" \/><\/figure>\n\n\n\n<p>Az egyik f\u0151 el\u0151nye annak, ha nyaral\u00f3t v\u00e1s\u00e1rolunk Spanyolorsz\u00e1gban, az id\u0151j\u00e1r\u00e1s. Spanyolorsz\u00e1g mediterr\u00e1n \u00e9ghajlat\u00fa orsz\u00e1g, \u00edgy az eg\u00e9sz \u00e9vben meleg \u00e9s napos id\u0151re sz\u00e1m\u00edthatunk. A ny\u00e1ri h\u00f3napokban a tengerpartokon a h\u0151m\u00e9rs\u00e9klet gyakran meghaladja a 30 Celsius fokot, ami a t\u00f6k\u00e9letes id\u0151j\u00e1r\u00e1s az akt\u00edv pihen\u00e9sre. Az \u0151szi \u00e9s tavaszi h\u00f3napokban a h\u0151m\u00e9rs\u00e9klet tov\u00e1bbra is kellemes, \u00edgy az emberek m\u00e9g mindig \u00e9lvezhetik a szabadban val\u00f3 tev\u00e9kenys\u00e9geket.<\/p>\n\n\n\n<p>Egy m\u00e1sik el\u0151nye az, hogy Spanyolorsz\u00e1gban a nyaral\u00f3k el\u00e9rhet\u0151bbek, mint sok m\u00e1s eur\u00f3pai orsz\u00e1gban. A spanyol ingatlanpiac nagyon versenyk\u00e9pes \u00e1rakat k\u00edn\u00e1l, \u00e9s a nyaral\u00f3k \u00e1ra itt \u00e1ltal\u00e1ban kedvez\u0151bb, mint p\u00e9ld\u00e1ul Franciaorsz\u00e1gban vagy Olaszorsz\u00e1gban.<\/p>\n\n\n\n<p>Spanyolorsz\u00e1gban sz\u00e1mos sz\u00e9p tengerparti telep\u00fcl\u00e9s \u00e9s sziget tal\u00e1lhat\u00f3, amelyek egyed\u00fcl\u00e1ll\u00f3 hangulattal rendelkeznek. A tengerparti v\u00e1rosokban rengeteg lehet\u0151s\u00e9g van a v\u00edzi sportokra, a tengerparti s\u00e9t\u00e1kra \u00e9s az \u00edzletes \u00e9telek \u00e9lvezet\u00e9re. A bels\u0151 ter\u00fcleteken pedig rengeteg lehet\u0151s\u00e9g van t\u00far\u00e1z\u00e1sra \u00e9s az akt\u00edv \u00e9letm\u00f3dra.<\/p>\n\n\n\n<p>V\u00e9g\u00fcl, a nyaral\u00f3 v\u00e1s\u00e1rl\u00e1sa Spanyolorsz\u00e1gban kiv\u00e1l\u00f3 befektet\u00e9s is lehet. Az ingatlanpiac \u00e1ltal\u00e1ban stabil \u00e9s n\u00f6vekv\u0151, \u00e9s a nyaral\u00f3k kiad\u00e1sa j\u00f3 lehet\u0151s\u00e9get jelent a passz\u00edv j\u00f6vedelem megszerz\u00e9s\u00e9re.<\/p>\n\n\n\n<p>\u00d6sszess\u00e9g\u00e9ben Spanyolorsz\u00e1gban v\u00e1s\u00e1rolni nyaral\u00f3t fantasztikus lehet\u0151s\u00e9g azoknak, akik szeretn\u00e9k \u00e9lvezni a kellemes mediterr\u00e1n \u00e9ghajlatot, a fantasztikus t\u00e1jakat, a v\u00edzi sportokat \u00e9s az \u00edzletes \u00e9teleket. Ez egy kiv\u00e1l\u00f3 befektet\u00e9s is lehet a j\u00f6v\u0151beli passz\u00edv j\u00f6vedelem \u00e9rdek\u00e9ben.<\/p>\n","protected":false},"excerpt":{"rendered":"<p>Spanyolorsz\u00e1g egy fantasztikus hely, ahol \u00e9rdemes elgondolkodni a nyaral\u00f3 v\u00e1s\u00e1rl\u00e1s\u00e1n. Rengeteg el\u0151nye van annak, ha Spanyolorsz\u00e1gban v\u00e1s\u00e1rolunk nyaral\u00f3t, \u00e9s ebben a sz\u00f6vegben \u00f6sszefoglaljuk a legfontosabbakat. Az egyik f\u0151 el\u0151nye annak, ha nyaral\u00f3t v\u00e1s\u00e1rolunk Spanyolorsz\u00e1gban, az id\u0151j\u00e1r\u00e1s. Spanyolorsz\u00e1g mediterr\u00e1n \u00e9ghajlat\u00fa orsz\u00e1g, \u00edgy az eg\u00e9sz \u00e9vben meleg \u00e9s napos id\u0151re sz\u00e1m\u00edthatunk. A ny\u00e1ri h\u00f3napokban a tengerpartokon a [&hellip;]<\/p>\n","protected":false},"author":1,"featured_media":0,"parent":77,"menu_order":2,"comment_status":"closed","ping_status":"closed","template":"","meta":{"footnotes":""},"class_list":["post-117","page","type-page","status-publish","hentry"],"_links":{"self":[{"href":"https:\/\/36properties.es\/index.php?rest_route=\/wp\/v2\/pages\/117","targetHints":{"allow":["GET"]}}],"collection":[{"href":"https:\/\/36properties.es\/index.php?rest_route=\/wp\/v2\/pages"}],"about":[{"href":"https:\/\/36properties.es\/index.php?rest_route=\/wp\/v2\/types\/page"}],"author":[{"embeddable":true,"href":"https:\/\/36properties.es\/index.php?rest_route=\/wp\/v2\/users\/1"}],"replies":[{"embeddable":true,"href":"https:\/\/36properties.es\/index.php?rest_route=%2Fwp%2Fv2%2Fcomments&post=117"}],"version-history":[{"count":2,"href":"https:\/\/36properties.es\/index.php?rest_route=\/wp\/v2\/pages\/117\/revisions"}],"predecessor-version":[{"id":13401,"href":"https:\/\/36properties.es\/index.php?rest_route=\/wp\/v2\/pages\/117\/revisions\/13401"}],"up":[{"embeddable":true,"href":"https:\/\/36properties.es\/index.php?rest_route=\/wp\/v2\/pages\/77"}],"wp:attachment":[{"href":"https:\/\/36properties.es\/index.php?rest_route=%2Fwp%2Fv2%2Fmedia&parent=117"}],"curies":[{"name":"wp","href":"https:\/\/api.w.org\/{rel}","templated":true}]}}