{"id":77,"date":"2023-03-04T14:57:26","date_gmt":"2023-03-04T13:57:26","guid":{"rendered":"http:\/\/36properties.es\/?page_id=77"},"modified":"2023-03-12T06:06:42","modified_gmt":"2023-03-12T05:06:42","slug":"elado-kiado-ingatlanok","status":"publish","type":"page","link":"https:\/\/36properties.es\/?page_id=77","title":{"rendered":"Hasznos Inform\u00e1ci\u00f3k"},"content":{"rendered":"\n<p>Spanyolorsz\u00e1gban az ingatlanok sz\u00e9les v\u00e1laszt\u00e9k\u00e1t k\u00edn\u00e1ljuk elad\u00e1sra \u00e9s b\u00e9rl\u00e9sre. Legyen sz\u00f3 lak\u00e1sokr\u00f3l, h\u00e1zakr\u00f3l vagy \u00fczletekr\u0151l, c\u00e9g\u00fcnk a legjobb aj\u00e1nlatokkal \u00e1ll rendelkez\u00e9s\u00e9re az \u00fcgyfelek sz\u00e1m\u00e1ra.<\/p>\n\n\n\n<figure class=\"wp-block-image size-full\"><img loading=\"lazy\" decoding=\"async\" width=\"1800\" height=\"1200\" src=\"https:\/\/36properties.es\/wp-content\/uploads\/2023\/03\/hasznos.jpg\" alt=\"\" class=\"wp-image-13396\" srcset=\"https:\/\/36properties.es\/wp-content\/uploads\/2023\/03\/hasznos.jpg 1800w, https:\/\/36properties.es\/wp-content\/uploads\/2023\/03\/hasznos-1000x667.jpg 1000w, https:\/\/36properties.es\/wp-content\/uploads\/2023\/03\/hasznos-768x512.jpg 768w, https:\/\/36properties.es\/wp-content\/uploads\/2023\/03\/hasznos-1536x1024.jpg 1536w\" sizes=\"auto, (max-width: 1800px) 100vw, 1800px\" \/><\/figure>\n\n\n\n<p>Az ingatlanok kiv\u00e1laszt\u00e1sa nagyon fontos d\u00f6nt\u00e9s, ez\u00e9rt c\u00e9lunk, hogy az \u00fcgyfelek sz\u00e1m\u00e1ra a lehet\u0151 legjobb szolg\u00e1ltat\u00e1st \u00e9s aj\u00e1nlatot biztos\u00edtsuk. K\u00edn\u00e1latunkban szerepelnek k\u00fcl\u00f6nb\u00f6z\u0151 m\u00e9ret\u0171 \u00e9s \u00e1r\u00fa ingatlanok, amelyek megfelelnek az \u00fcgyfelek ig\u00e9nyeinek \u00e9s k\u00f6lts\u00e9gvet\u00e9s\u00e9nek.<\/p>\n\n\n\n<p>Az ingatlanok elad\u00e1sa \u00e9s b\u00e9rbead\u00e1sa szigor\u00fa jogi szab\u00e1lyoz\u00e1s alatt \u00e1ll, ez\u00e9rt \u00fcgyfeleink sz\u00e1m\u00e1ra szakszer\u0171 tan\u00e1csad\u00e1st \u00e9s seg\u00edts\u00e9get ny\u00fajtunk az \u00fcgyletek lebonyol\u00edt\u00e1s\u00e1hoz. Az ingatlanok \u00e1rait illet\u0151en a c\u00e9g\u00fcnk szak\u00e9rt\u0151i mindig naprak\u00e9sz inform\u00e1ci\u00f3kkal rendelkeznek a helyi ingatlanpiacr\u00f3l, hogy az \u00fcgyfeleknek a legjobb \u00e1ron tudjuk k\u00edn\u00e1lni az ingatlanokat.<\/p>\n\n\n\n<p>Az ingatlanok b\u00e9rbead\u00e1sa eset\u00e9n szint\u00e9n nagy odafigyel\u00e9st ford\u00edtunk az \u00fcgyfelek ig\u00e9nyeinek teljes\u00edt\u00e9s\u00e9re. C\u00e9g\u00fcnk seg\u00edts\u00e9get ny\u00fajt az \u00fcgyfeleknek az ingatlan kiv\u00e1laszt\u00e1s\u00e1ban, \u00e9s a b\u00e9rleti szerz\u0151d\u00e9s megk\u00f6t\u00e9s\u00e9ben is.<\/p>\n\n\n\n<p>Spanyolorsz\u00e1gban az ingatlanpiac dinamikus \u00e9s v\u00e1ltoz\u00f3, ez\u00e9rt c\u00e9g\u00fcnk mindig naprak\u00e9sz inform\u00e1ci\u00f3kkal rendelkezik az aktu\u00e1lis \u00e1rakr\u00f3l \u00e9s az ingatlanpiaci trendekr\u0151l. Az \u00fcgyfeleknek minden inform\u00e1ci\u00f3t megadunk ahhoz, hogy inform\u00e1lt d\u00f6nt\u00e9st tudjanak hozni az ingatlanokkal kapcsolatban.<\/p>\n\n\n\n<p>Ha Spanyolorsz\u00e1gban ingatlant keres vagy eladna, c\u00e9g\u00fcnk az \u00d6n partnere lehet az \u00fcgyletek lebonyol\u00edt\u00e1s\u00e1ban. B\u00e1tran vegye fel vel\u00fcnk a kapcsolatot, \u00e9s seg\u00edt\u00fcnk megtal\u00e1lni az \u00d6nnek legmegfelel\u0151bb aj\u00e1nlatot!<\/p>\n","protected":false},"excerpt":{"rendered":"<p>Spanyolorsz\u00e1gban az ingatlanok sz\u00e9les v\u00e1laszt\u00e9k\u00e1t k\u00edn\u00e1ljuk elad\u00e1sra \u00e9s b\u00e9rl\u00e9sre. Legyen sz\u00f3 lak\u00e1sokr\u00f3l, h\u00e1zakr\u00f3l vagy \u00fczletekr\u0151l, c\u00e9g\u00fcnk a legjobb aj\u00e1nlatokkal \u00e1ll rendelkez\u00e9s\u00e9re az \u00fcgyfelek sz\u00e1m\u00e1ra. Az ingatlanok kiv\u00e1laszt\u00e1sa nagyon fontos d\u00f6nt\u00e9s, ez\u00e9rt c\u00e9lunk, hogy az \u00fcgyfelek sz\u00e1m\u00e1ra a lehet\u0151 legjobb szolg\u00e1ltat\u00e1st \u00e9s aj\u00e1nlatot biztos\u00edtsuk. K\u00edn\u00e1latunkban szerepelnek k\u00fcl\u00f6nb\u00f6z\u0151 m\u00e9ret\u0171 \u00e9s \u00e1r\u00fa ingatlanok, amelyek megfelelnek az \u00fcgyfelek ig\u00e9nyeinek [&hellip;]<\/p>\n","protected":false},"author":1,"featured_media":0,"parent":0,"menu_order":2,"comment_status":"closed","ping_status":"closed","template":"","meta":{"footnotes":""},"class_list":["post-77","page","type-page","status-publish","hentry"],"_links":{"self":[{"href":"https:\/\/36properties.es\/index.php?rest_route=\/wp\/v2\/pages\/77","targetHints":{"allow":["GET"]}}],"collection":[{"href":"https:\/\/36properties.es\/index.php?rest_route=\/wp\/v2\/pages"}],"about":[{"href":"https:\/\/36properties.es\/index.php?rest_route=\/wp\/v2\/types\/page"}],"author":[{"embeddable":true,"href":"https:\/\/36properties.es\/index.php?rest_route=\/wp\/v2\/users\/1"}],"replies":[{"embeddable":true,"href":"https:\/\/36properties.es\/index.php?rest_route=%2Fwp%2Fv2%2Fcomments&post=77"}],"version-history":[{"count":5,"href":"https:\/\/36properties.es\/index.php?rest_route=\/wp\/v2\/pages\/77\/revisions"}],"predecessor-version":[{"id":13397,"href":"https:\/\/36properties.es\/index.php?rest_route=\/wp\/v2\/pages\/77\/revisions\/13397"}],"wp:attachment":[{"href":"https:\/\/36properties.es\/index.php?rest_route=%2Fwp%2Fv2%2Fmedia&parent=77"}],"curies":[{"name":"wp","href":"https:\/\/api.w.org\/{rel}","templated":true}]}}