{"id":79,"date":"2023-03-04T14:58:20","date_gmt":"2023-03-04T13:58:20","guid":{"rendered":"http:\/\/36properties.es\/?page_id=79"},"modified":"2023-03-08T11:36:35","modified_gmt":"2023-03-08T10:36:35","slug":"uzemeltetes","status":"publish","type":"page","link":"https:\/\/36properties.es\/?page_id=79","title":{"rendered":"\u00dczemeltet\u00e9s"},"content":{"rendered":"\n<p>Az ingatlanok \u00fczemeltet\u00e9se Spanyolorsz\u00e1gban kih\u00edv\u00e1sokkal teli feladat lehet, de c\u00e9g\u00fcnk seg\u00edts\u00e9get ny\u00fajt az ingatlanok hat\u00e9kony \u00e9s eredm\u00e9nyes kezel\u00e9s\u00e9ben. Az \u00fczemeltet\u00e9si szolg\u00e1ltat\u00e1saink magukba foglalj\u00e1k az ingatlanok karbantart\u00e1s\u00e1t, jav\u00edt\u00e1sait, valamint a b\u00e9rbead\u00e1ssal kapcsolatos adminisztrat\u00edv feladatokat is.<\/p>\n\n\n\n<figure class=\"wp-block-image size-full\"><img loading=\"lazy\" decoding=\"async\" width=\"2000\" height=\"1330\" src=\"https:\/\/36properties.es\/wp-content\/uploads\/2023\/03\/uzemeltetes-1.jpg\" alt=\"\" class=\"wp-image-13383\" srcset=\"https:\/\/36properties.es\/wp-content\/uploads\/2023\/03\/uzemeltetes-1.jpg 2000w, https:\/\/36properties.es\/wp-content\/uploads\/2023\/03\/uzemeltetes-1-1000x665.jpg 1000w, https:\/\/36properties.es\/wp-content\/uploads\/2023\/03\/uzemeltetes-1-768x511.jpg 768w, https:\/\/36properties.es\/wp-content\/uploads\/2023\/03\/uzemeltetes-1-1536x1021.jpg 1536w\" sizes=\"auto, (max-width: 2000px) 100vw, 2000px\" \/><\/figure>\n\n\n\n<p>Az ingatlanok karbantart\u00e1sa \u00e9s jav\u00edt\u00e1sa kulcsfontoss\u00e1g\u00fa a tulajdonosok \u00e9s b\u00e9rl\u0151k el\u00e9gedetts\u00e9ge szempontj\u00e1b\u00f3l. C\u00e9g\u00fcnk szakemberei rendszeresen ellen\u0151rzik az ingatlanokat, \u00e9s sz\u00fcks\u00e9g eset\u00e9n id\u0151ben beavatkoznak a hib\u00e1k \u00e9s probl\u00e9m\u00e1k megold\u00e1s\u00e1ra. Ezzel garant\u00e1ljuk az ingatlanok magas sz\u00ednvonal\u00fa \u00e1llapot\u00e1t, \u00e9s el\u0151seg\u00edtj\u00fck az ingatlanok \u00e9rt\u00e9k\u00e9nek megtart\u00e1s\u00e1t.<\/p>\n\n\n\n<p>Az ingatlanok b\u00e9rbead\u00e1sa eset\u00e9n is fontos szerepet j\u00e1tszik az \u00fczemeltet\u00e9si szolg\u00e1ltat\u00e1saink. C\u00e9g\u00fcnk seg\u00edt az \u00fcgyfeleknek a b\u00e9rl\u0151k kiv\u00e1laszt\u00e1s\u00e1ban, a b\u00e9rleti szerz\u0151d\u00e9s megk\u00f6t\u00e9s\u00e9ben, valamint az ingatlanok \u00e1llapot\u00e1nak ellen\u0151rz\u00e9s\u00e9ben \u00e9s karbantart\u00e1s\u00e1ban. Az ingatlanok b\u00e9rbead\u00e1sa sor\u00e1n az \u00fcgyfeleknek nem kell agg\u00f3dniuk az adminisztrat\u00edv feladatok miatt, mert c\u00e9g\u00fcnk v\u00e1llalja az \u00f6sszes ilyen teend\u0151t.<\/p>\n\n\n\n<p>Az ingatlanok \u00fczemeltet\u00e9se \u00e9s kezel\u00e9se sor\u00e1n szigor\u00faan betartjuk a jogszab\u00e1lyokat \u00e9s az ad\u00f3\u00fcgyi el\u0151\u00edr\u00e1sokat. \u00dcgyfeleink sz\u00e1m\u00e1ra mindig naprak\u00e9sz inform\u00e1ci\u00f3kat ny\u00fajtunk a helyi jogszab\u00e1lyokr\u00f3l, valamint seg\u00edt\u00fcnk az ad\u00f3bevall\u00e1sok \u00e9s egy\u00e9b adminisztrat\u00edv feladatok elv\u00e9gz\u00e9s\u00e9ben is.<\/p>\n\n\n\n<p>Az ingatlanok \u00fczemeltet\u00e9se \u00e9s kezel\u00e9se fontos feladat, amely jelent\u0151s id\u0151- \u00e9s er\u0151forr\u00e1sig\u00e9nyt ig\u00e9nyel. C\u00e9g\u00fcnk azonban szak\u00e9rt\u0151i seg\u00edts\u00e9get ny\u00fajt az \u00fcgyfeleknek az ingatlanok hat\u00e9kony kezel\u00e9s\u00e9ben \u00e9s az ingatlanok \u00e9rt\u00e9k\u00e9nek n\u00f6vel\u00e9s\u00e9ben. Ha Spanyolorsz\u00e1gban ingatlanokkal kapcsolatos szolg\u00e1ltat\u00e1sokra van sz\u00fcks\u00e9ge, forduljon hozz\u00e1nk bizalommal!<\/p>\n","protected":false},"excerpt":{"rendered":"<p>Az ingatlanok \u00fczemeltet\u00e9se Spanyolorsz\u00e1gban kih\u00edv\u00e1sokkal teli feladat lehet, de c\u00e9g\u00fcnk seg\u00edts\u00e9get ny\u00fajt az ingatlanok hat\u00e9kony \u00e9s eredm\u00e9nyes kezel\u00e9s\u00e9ben. Az \u00fczemeltet\u00e9si szolg\u00e1ltat\u00e1saink magukba foglalj\u00e1k az ingatlanok karbantart\u00e1s\u00e1t, jav\u00edt\u00e1sait, valamint a b\u00e9rbead\u00e1ssal kapcsolatos adminisztrat\u00edv feladatokat is. Az ingatlanok karbantart\u00e1sa \u00e9s jav\u00edt\u00e1sa kulcsfontoss\u00e1g\u00fa a tulajdonosok \u00e9s b\u00e9rl\u0151k el\u00e9gedetts\u00e9ge szempontj\u00e1b\u00f3l. C\u00e9g\u00fcnk szakemberei rendszeresen ellen\u0151rzik az ingatlanokat, \u00e9s sz\u00fcks\u00e9g eset\u00e9n [&hellip;]<\/p>\n","protected":false},"author":1,"featured_media":0,"parent":0,"menu_order":3,"comment_status":"closed","ping_status":"closed","template":"","meta":{"footnotes":""},"class_list":["post-79","page","type-page","status-publish","hentry"],"_links":{"self":[{"href":"https:\/\/36properties.es\/index.php?rest_route=\/wp\/v2\/pages\/79","targetHints":{"allow":["GET"]}}],"collection":[{"href":"https:\/\/36properties.es\/index.php?rest_route=\/wp\/v2\/pages"}],"about":[{"href":"https:\/\/36properties.es\/index.php?rest_route=\/wp\/v2\/types\/page"}],"author":[{"embeddable":true,"href":"https:\/\/36properties.es\/index.php?rest_route=\/wp\/v2\/users\/1"}],"replies":[{"embeddable":true,"href":"https:\/\/36properties.es\/index.php?rest_route=%2Fwp%2Fv2%2Fcomments&post=79"}],"version-history":[{"count":3,"href":"https:\/\/36properties.es\/index.php?rest_route=\/wp\/v2\/pages\/79\/revisions"}],"predecessor-version":[{"id":13386,"href":"https:\/\/36properties.es\/index.php?rest_route=\/wp\/v2\/pages\/79\/revisions\/13386"}],"wp:attachment":[{"href":"https:\/\/36properties.es\/index.php?rest_route=%2Fwp%2Fv2%2Fmedia&parent=79"}],"curies":[{"name":"wp","href":"https:\/\/api.w.org\/{rel}","templated":true}]}}