{"id":81,"date":"2023-03-04T14:59:02","date_gmt":"2023-03-04T13:59:02","guid":{"rendered":"http:\/\/36properties.es\/?page_id=81"},"modified":"2023-03-08T11:37:09","modified_gmt":"2023-03-08T10:37:09","slug":"felujitas-design","status":"publish","type":"page","link":"https:\/\/36properties.es\/?page_id=81","title":{"rendered":"Fel\u00faj\u00edt\u00e1s &#038; Design"},"content":{"rendered":"\n<p>Az ingatlanok fel\u00faj\u00edt\u00e1sa \u00e9s designja Spanyolorsz\u00e1gban az ingatlanpiac dinamikusabb\u00e1 \u00e9s vonz\u00f3bb\u00e1 t\u00e9tel\u00e9nek egyik kulcsa. C\u00e9g\u00fcnk szakemberei a leg\u00fajabb trendeket \u00e9s st\u00edlusokat k\u00f6vetve, seg\u00edtenek az \u00fcgyfeleknek az ingatlanok teljesk\u00f6r\u0171 fel\u00faj\u00edt\u00e1s\u00e1ban \u00e9s designj\u00e1ban, hogy azok m\u00e9g vonz\u00f3bb\u00e1 \u00e9s k\u00e9nyelmesebb\u00e9 v\u00e1ljanak.<\/p>\n\n\n\n<figure class=\"wp-block-image size-full\"><img loading=\"lazy\" decoding=\"async\" width=\"2000\" height=\"1330\" src=\"https:\/\/36properties.es\/wp-content\/uploads\/2023\/03\/renovation-1.jpg\" alt=\"\" class=\"wp-image-13384\" srcset=\"https:\/\/36properties.es\/wp-content\/uploads\/2023\/03\/renovation-1.jpg 2000w, https:\/\/36properties.es\/wp-content\/uploads\/2023\/03\/renovation-1-1000x665.jpg 1000w, https:\/\/36properties.es\/wp-content\/uploads\/2023\/03\/renovation-1-768x511.jpg 768w, https:\/\/36properties.es\/wp-content\/uploads\/2023\/03\/renovation-1-1536x1021.jpg 1536w\" sizes=\"auto, (max-width: 2000px) 100vw, 2000px\" \/><\/figure>\n\n\n\n<p>Az ingatlanok fel\u00faj\u00edt\u00e1sa \u00e9s designja az ingatlanok \u00e9rt\u00e9k\u00e9nek n\u00f6vel\u00e9s\u00e9ben kulcsszerepet j\u00e1tszik. C\u00e9g\u00fcnk szakemberei a legjobb anyagokat \u00e9s min\u0151s\u00e9gi kivitelez\u0151ket haszn\u00e1lj\u00e1k, hogy az ingatlanok \u00e1llapota javuljon, \u00e9s azok m\u00e9g k\u00e9nyelmesebb\u00e9 v\u00e1ljanak a lak\u00f3k sz\u00e1m\u00e1ra. Az ingatlanok fel\u00faj\u00edt\u00e1sa sor\u00e1n az \u00fcgyfelek ig\u00e9nyeit \u00e9s elk\u00e9pzel\u00e9seit figyelembe v\u00e9ve k\u00e9sz\u00edt\u00fcnk terveket, \u00e9s megval\u00f3s\u00edtjuk azokat a lehet\u0151 legr\u00f6videbb id\u0151 alatt.<\/p>\n\n\n\n<p>Az ingatlanok designja szint\u00e9n kulcsszerepet j\u00e1tszik a vonz\u00f3bb \u00e9s k\u00e9nyelmesebb \u00e9lett\u00e9r kialak\u00edt\u00e1s\u00e1ban. C\u00e9g\u00fcnk szakemberei seg\u00edtenek az \u00fcgyfeleknek a st\u00edlusos, modern \u00e9s funkcion\u00e1lis lak\u00f3k\u00f6rnyezet kialak\u00edt\u00e1s\u00e1ban. Az ingatlanok designj\u00e1ban figyelembe vessz\u00fck az \u00fcgyfelek ig\u00e9nyeit, valamint a leg\u00fajabb trendeket \u00e9s st\u00edlusokat is.<\/p>\n\n\n\n<p>Az ingatlanok fel\u00faj\u00edt\u00e1sa \u00e9s designja sor\u00e1n az \u00fcgyfeleknek nem kell agg\u00f3dniuk a kivitelez\u00e9s \u00e9s a projektek menedzsel\u00e9se miatt, mert c\u00e9g\u00fcnk v\u00e1llalja az \u00f6sszes ilyen teend\u0151t. Az \u00fcgyfelekkel egy\u00fcttm\u0171k\u00f6dve dolgozunk, hogy biztos\u00edtsuk a projektek id\u0151ben t\u00f6rt\u00e9n\u0151 \u00e9s sikeres befejez\u00e9s\u00e9t.<\/p>\n\n\n\n<p>Az ingatlanok fel\u00faj\u00edt\u00e1sa \u00e9s designja egy fontos befektet\u00e9s az ingatlanok \u00e9rt\u00e9k\u00e9nek n\u00f6vel\u00e9se \u00e9rdek\u00e9ben. C\u00e9g\u00fcnk szakemberei seg\u00edtenek az \u00fcgyfeleknek az ingatlanok fel\u00faj\u00edt\u00e1s\u00e1ban \u00e9s designj\u00e1ban, hogy azok vonz\u00f3bb\u00e1 \u00e9s k\u00e9nyelmesebb\u00e9 v\u00e1ljanak a lak\u00f3k sz\u00e1m\u00e1ra. Ha Spanyolorsz\u00e1gban ingatlanokkal kapcsolatos szolg\u00e1ltat\u00e1sokra van sz\u00fcks\u00e9ge, forduljon hozz\u00e1nk bizalommal!<\/p>\n","protected":false},"excerpt":{"rendered":"<p>Az ingatlanok fel\u00faj\u00edt\u00e1sa \u00e9s designja Spanyolorsz\u00e1gban az ingatlanpiac dinamikusabb\u00e1 \u00e9s vonz\u00f3bb\u00e1 t\u00e9tel\u00e9nek egyik kulcsa. C\u00e9g\u00fcnk szakemberei a leg\u00fajabb trendeket \u00e9s st\u00edlusokat k\u00f6vetve, seg\u00edtenek az \u00fcgyfeleknek az ingatlanok teljesk\u00f6r\u0171 fel\u00faj\u00edt\u00e1s\u00e1ban \u00e9s designj\u00e1ban, hogy azok m\u00e9g vonz\u00f3bb\u00e1 \u00e9s k\u00e9nyelmesebb\u00e9 v\u00e1ljanak. Az ingatlanok fel\u00faj\u00edt\u00e1sa \u00e9s designja az ingatlanok \u00e9rt\u00e9k\u00e9nek n\u00f6vel\u00e9s\u00e9ben kulcsszerepet j\u00e1tszik. C\u00e9g\u00fcnk szakemberei a legjobb anyagokat \u00e9s [&hellip;]<\/p>\n","protected":false},"author":1,"featured_media":0,"parent":0,"menu_order":4,"comment_status":"closed","ping_status":"closed","template":"","meta":{"footnotes":""},"class_list":["post-81","page","type-page","status-publish","hentry"],"_links":{"self":[{"href":"https:\/\/36properties.es\/index.php?rest_route=\/wp\/v2\/pages\/81","targetHints":{"allow":["GET"]}}],"collection":[{"href":"https:\/\/36properties.es\/index.php?rest_route=\/wp\/v2\/pages"}],"about":[{"href":"https:\/\/36properties.es\/index.php?rest_route=\/wp\/v2\/types\/page"}],"author":[{"embeddable":true,"href":"https:\/\/36properties.es\/index.php?rest_route=\/wp\/v2\/users\/1"}],"replies":[{"embeddable":true,"href":"https:\/\/36properties.es\/index.php?rest_route=%2Fwp%2Fv2%2Fcomments&post=81"}],"version-history":[{"count":3,"href":"https:\/\/36properties.es\/index.php?rest_route=\/wp\/v2\/pages\/81\/revisions"}],"predecessor-version":[{"id":13387,"href":"https:\/\/36properties.es\/index.php?rest_route=\/wp\/v2\/pages\/81\/revisions\/13387"}],"wp:attachment":[{"href":"https:\/\/36properties.es\/index.php?rest_route=%2Fwp%2Fv2%2Fmedia&parent=81"}],"curies":[{"name":"wp","href":"https:\/\/api.w.org\/{rel}","templated":true}]}}